{"id":24,"date":"2018-01-03T19:41:44","date_gmt":"2018-01-03T18:41:44","guid":{"rendered":"http:\/\/bumas-paradies.de\/?page_id=24"},"modified":"2023-08-20T15:33:48","modified_gmt":"2023-08-20T13:33:48","slug":"schafe","status":"publish","type":"page","link":"http:\/\/bumas-paradies.de\/?page_id=24","title":{"rendered":"3. Schafe"},"content":{"rendered":"<div id='gallery-1' class='gallery galleryid-24 gallery-columns-4 gallery-size-thumbnail'><figure class='gallery-item'>\n\t\t\t<div class='gallery-icon landscape'>\n\t\t\t\t<a href='http:\/\/bumas-paradies.de\/?attachment_id=287'><img loading=\"lazy\" decoding=\"async\" width=\"150\" height=\"150\" src=\"http:\/\/bumas-paradies.de\/wp-content\/uploads\/2018\/01\/P1010416-150x150.jpg\" class=\"attachment-thumbnail size-thumbnail\" alt=\"\" \/><\/a>\n\t\t\t<\/div><\/figure><figure class='gallery-item'>\n\t\t\t<div class='gallery-icon landscape'>\n\t\t\t\t<a href='http:\/\/bumas-paradies.de\/?attachment_id=288'><img loading=\"lazy\" decoding=\"async\" width=\"150\" height=\"150\" src=\"http:\/\/bumas-paradies.de\/wp-content\/uploads\/2018\/01\/P1010421-150x150.jpg\" class=\"attachment-thumbnail size-thumbnail\" alt=\"\" \/><\/a>\n\t\t\t<\/div><\/figure><figure class='gallery-item'>\n\t\t\t<div class='gallery-icon landscape'>\n\t\t\t\t<a href='http:\/\/bumas-paradies.de\/?attachment_id=281'><img loading=\"lazy\" decoding=\"async\" width=\"150\" height=\"150\" src=\"http:\/\/bumas-paradies.de\/wp-content\/uploads\/2018\/01\/P1010377-150x150.jpg\" class=\"attachment-thumbnail size-thumbnail\" alt=\"\" \/><\/a>\n\t\t\t<\/div><\/figure><figure class='gallery-item'>\n\t\t\t<div class='gallery-icon landscape'>\n\t\t\t\t<a href='http:\/\/bumas-paradies.de\/?attachment_id=205'><img loading=\"lazy\" decoding=\"async\" width=\"150\" height=\"150\" src=\"http:\/\/bumas-paradies.de\/wp-content\/uploads\/2018\/01\/20171220_095918-150x150.jpg\" class=\"attachment-thumbnail size-thumbnail\" alt=\"\" \/><\/a>\n\t\t\t<\/div><\/figure><figure class='gallery-item'>\n\t\t\t<div class='gallery-icon landscape'>\n\t\t\t\t<a href='http:\/\/bumas-paradies.de\/?attachment_id=203'><img loading=\"lazy\" decoding=\"async\" width=\"150\" height=\"150\" src=\"http:\/\/bumas-paradies.de\/wp-content\/uploads\/2018\/01\/20171208_122358-150x150.jpg\" class=\"attachment-thumbnail size-thumbnail\" alt=\"\" \/><\/a>\n\t\t\t<\/div><\/figure><figure class='gallery-item'>\n\t\t\t<div class='gallery-icon landscape'>\n\t\t\t\t<a href='http:\/\/bumas-paradies.de\/?attachment_id=201'><img loading=\"lazy\" decoding=\"async\" width=\"150\" height=\"150\" src=\"http:\/\/bumas-paradies.de\/wp-content\/uploads\/2018\/01\/20171208_105312-150x150.jpg\" class=\"attachment-thumbnail size-thumbnail\" alt=\"\" \/><\/a>\n\t\t\t<\/div><\/figure><figure class='gallery-item'>\n\t\t\t<div class='gallery-icon portrait'>\n\t\t\t\t<a href='http:\/\/bumas-paradies.de\/?attachment_id=204'><img loading=\"lazy\" decoding=\"async\" width=\"150\" height=\"150\" src=\"http:\/\/bumas-paradies.de\/wp-content\/uploads\/2018\/01\/20171208_122500-150x150.jpg\" class=\"attachment-thumbnail size-thumbnail\" alt=\"\" \/><\/a>\n\t\t\t<\/div><\/figure><figure class='gallery-item'>\n\t\t\t<div class='gallery-icon landscape'>\n\t\t\t\t<a href='http:\/\/bumas-paradies.de\/?attachment_id=379'><img loading=\"lazy\" decoding=\"async\" width=\"150\" height=\"150\" src=\"http:\/\/bumas-paradies.de\/wp-content\/uploads\/2023\/08\/image017-150x150.jpg\" class=\"attachment-thumbnail size-thumbnail\" alt=\"\" \/><\/a>\n\t\t\t<\/div><\/figure><figure class='gallery-item'>\n\t\t\t<div class='gallery-icon landscape'>\n\t\t\t\t<a href='http:\/\/bumas-paradies.de\/?attachment_id=276'><img loading=\"lazy\" decoding=\"async\" width=\"150\" height=\"150\" src=\"http:\/\/bumas-paradies.de\/wp-content\/uploads\/2018\/01\/P1010317-150x150.jpg\" class=\"attachment-thumbnail size-thumbnail\" alt=\"\" \/><\/a>\n\t\t\t<\/div><\/figure>\n\t\t<\/div>\n\n<p><em>\u00a0Auf unserem Hof leben Schafe unterschiedlicher Rassen. Mal Waldschafe, grau geh\u00f6rnte Heidschnucken, Herdwicks oder Drenthe.<\/em><\/p>\n<p><em>Ein besonderes Highlight sind im Fr\u00fchjahr die putzigen L\u00e4mmer.<\/em><\/p>\n<p><em>Unsere Hunde, die wir selbst ausbilden, sind uns im t\u00e4glichen Handling eine unbezahlbare Hilfe.<br \/>\n<\/em><\/p>\n","protected":false},"excerpt":{"rendered":"<p>\u00a0Auf unserem Hof leben Schafe unterschiedlicher Rassen. Mal Waldschafe, grau geh\u00f6rnte Heidschnucken, Herdwicks oder Drenthe. Ein besonderes Highlight sind im Fr\u00fchjahr die putzigen L\u00e4mmer. Unsere Hunde, die wir selbst ausbilden, sind uns im t\u00e4glichen Handling eine unbezahlbare Hilfe.<\/p>\n","protected":false},"author":1,"featured_media":0,"parent":0,"menu_order":0,"comment_status":"closed","ping_status":"closed","template":"","meta":{"footnotes":""},"_links":{"self":[{"href":"http:\/\/bumas-paradies.de\/index.php?rest_route=\/wp\/v2\/pages\/24"}],"collection":[{"href":"http:\/\/bumas-paradies.de\/index.php?rest_route=\/wp\/v2\/pages"}],"about":[{"href":"http:\/\/bumas-paradies.de\/index.php?rest_route=\/wp\/v2\/types\/page"}],"author":[{"embeddable":true,"href":"http:\/\/bumas-paradies.de\/index.php?rest_route=\/wp\/v2\/users\/1"}],"replies":[{"embeddable":true,"href":"http:\/\/bumas-paradies.de\/index.php?rest_route=%2Fwp%2Fv2%2Fcomments&post=24"}],"version-history":[{"count":9,"href":"http:\/\/bumas-paradies.de\/index.php?rest_route=\/wp\/v2\/pages\/24\/revisions"}],"predecessor-version":[{"id":385,"href":"http:\/\/bumas-paradies.de\/index.php?rest_route=\/wp\/v2\/pages\/24\/revisions\/385"}],"wp:attachment":[{"href":"http:\/\/bumas-paradies.de\/index.php?rest_route=%2Fwp%2Fv2%2Fmedia&parent=24"}],"curies":[{"name":"wp","href":"https:\/\/api.w.org\/{rel}","templated":true}]}}