{"id":14,"date":"2018-01-03T19:44:27","date_gmt":"2018-01-03T18:44:27","guid":{"rendered":"http:\/\/bumas-paradies.de\/?page_id=14"},"modified":"2023-08-20T15:18:46","modified_gmt":"2023-08-20T13:18:46","slug":"ferienwohnung-und-umgebung","status":"publish","type":"page","link":"http:\/\/bumas-paradies.de\/?page_id=14","title":{"rendered":"4. Ferienwohnung und Umgebung"},"content":{"rendered":"<p><iframe loading=\"lazy\" style=\"border: 0;\" src=\"https:\/\/calendar.google.com\/calendar\/embed?src=pa3p0jg7at1142b3gb6eduef1s%40group.calendar.google.com&amp;ctz=Europe%2FBerlin\" width=\"800\" height=\"600\" frameborder=\"0\" scrolling=\"no\"><span data-mce-type=\"bookmark\" style=\"display: inline-block; width: 0px; overflow: hidden; line-height: 0;\" class=\"mce_SELRES_start\">\ufeff<\/span><\/iframe><\/p>\n<div id='gallery-1' class='gallery galleryid-14 gallery-columns-2 gallery-size-medium'><figure class='gallery-item'>\n\t\t\t<div class='gallery-icon landscape'>\n\t\t\t\t<a href='http:\/\/bumas-paradies.de\/?attachment_id=380'><img loading=\"lazy\" decoding=\"async\" width=\"300\" height=\"169\" src=\"http:\/\/bumas-paradies.de\/wp-content\/uploads\/2023\/08\/image024-300x169.jpg\" class=\"attachment-medium size-medium\" alt=\"\" aria-describedby=\"gallery-1-380\" srcset=\"http:\/\/bumas-paradies.de\/wp-content\/uploads\/2023\/08\/image024-300x169.jpg 300w, http:\/\/bumas-paradies.de\/wp-content\/uploads\/2023\/08\/image024-768x432.jpg 768w, http:\/\/bumas-paradies.de\/wp-content\/uploads\/2023\/08\/image024.jpg 800w\" sizes=\"(max-width: 300px) 85vw, 300px\" \/><\/a>\n\t\t\t<\/div>\n\t\t\t\t<figcaption class='wp-caption-text gallery-caption' id='gallery-1-380'>\n\t\t\t\tSeparater Eingang Ferienwohnung\n\t\t\t\t<\/figcaption><\/figure><figure class='gallery-item'>\n\t\t\t<div class='gallery-icon landscape'>\n\t\t\t\t<a href='http:\/\/bumas-paradies.de\/?attachment_id=378'><img loading=\"lazy\" decoding=\"async\" width=\"300\" height=\"169\" src=\"http:\/\/bumas-paradies.de\/wp-content\/uploads\/2023\/08\/image018-300x169.jpg\" class=\"attachment-medium size-medium\" alt=\"\" aria-describedby=\"gallery-1-378\" srcset=\"http:\/\/bumas-paradies.de\/wp-content\/uploads\/2023\/08\/image018-300x169.jpg 300w, http:\/\/bumas-paradies.de\/wp-content\/uploads\/2023\/08\/image018-768x432.jpg 768w, http:\/\/bumas-paradies.de\/wp-content\/uploads\/2023\/08\/image018.jpg 800w\" sizes=\"(max-width: 300px) 85vw, 300px\" \/><\/a>\n\t\t\t<\/div>\n\t\t\t\t<figcaption class='wp-caption-text gallery-caption' id='gallery-1-378'>\n\t\t\t\tKleiner, eingez\u00e4unter Garten\n\t\t\t\t<\/figcaption><\/figure><figure class='gallery-item'>\n\t\t\t<div class='gallery-icon portrait'>\n\t\t\t\t<a href='http:\/\/bumas-paradies.de\/?attachment_id=267'><img loading=\"lazy\" decoding=\"async\" width=\"225\" height=\"300\" src=\"http:\/\/bumas-paradies.de\/wp-content\/uploads\/2018\/01\/P1010305-e1515354242135-225x300.jpg\" class=\"attachment-medium size-medium\" alt=\"\" srcset=\"http:\/\/bumas-paradies.de\/wp-content\/uploads\/2018\/01\/P1010305-e1515354242135-225x300.jpg 225w, http:\/\/bumas-paradies.de\/wp-content\/uploads\/2018\/01\/P1010305-e1515354242135-768x1024.jpg 768w, http:\/\/bumas-paradies.de\/wp-content\/uploads\/2018\/01\/P1010305-e1515354242135-1200x1600.jpg 1200w, http:\/\/bumas-paradies.de\/wp-content\/uploads\/2018\/01\/P1010305-e1515354242135.jpg 1920w\" sizes=\"(max-width: 225px) 85vw, 225px\" \/><\/a>\n\t\t\t<\/div><\/figure><figure class='gallery-item'>\n\t\t\t<div class='gallery-icon landscape'>\n\t\t\t\t<a href='http:\/\/bumas-paradies.de\/?attachment_id=294'><img loading=\"lazy\" decoding=\"async\" width=\"300\" height=\"225\" src=\"http:\/\/bumas-paradies.de\/wp-content\/uploads\/2018\/01\/P1010296-1-300x225.jpg\" class=\"attachment-medium size-medium\" alt=\"\" srcset=\"http:\/\/bumas-paradies.de\/wp-content\/uploads\/2018\/01\/P1010296-1-300x225.jpg 300w, http:\/\/bumas-paradies.de\/wp-content\/uploads\/2018\/01\/P1010296-1-768x576.jpg 768w, http:\/\/bumas-paradies.de\/wp-content\/uploads\/2018\/01\/P1010296-1-1024x768.jpg 1024w, http:\/\/bumas-paradies.de\/wp-content\/uploads\/2018\/01\/P1010296-1-1200x900.jpg 1200w\" sizes=\"(max-width: 300px) 85vw, 300px\" \/><\/a>\n\t\t\t<\/div><\/figure><figure class='gallery-item'>\n\t\t\t<div class='gallery-icon portrait'>\n\t\t\t\t<a href='http:\/\/bumas-paradies.de\/?attachment_id=270'><img loading=\"lazy\" decoding=\"async\" width=\"225\" height=\"300\" src=\"http:\/\/bumas-paradies.de\/wp-content\/uploads\/2018\/01\/P1010308-e1515354303620-225x300.jpg\" class=\"attachment-medium size-medium\" alt=\"\" srcset=\"http:\/\/bumas-paradies.de\/wp-content\/uploads\/2018\/01\/P1010308-e1515354303620-225x300.jpg 225w, http:\/\/bumas-paradies.de\/wp-content\/uploads\/2018\/01\/P1010308-e1515354303620-768x1024.jpg 768w, http:\/\/bumas-paradies.de\/wp-content\/uploads\/2018\/01\/P1010308-e1515354303620-1200x1600.jpg 1200w, http:\/\/bumas-paradies.de\/wp-content\/uploads\/2018\/01\/P1010308-e1515354303620.jpg 1920w\" sizes=\"(max-width: 225px) 85vw, 225px\" \/><\/a>\n\t\t\t<\/div><\/figure><figure class='gallery-item'>\n\t\t\t<div class='gallery-icon landscape'>\n\t\t\t\t<a href='http:\/\/bumas-paradies.de\/?attachment_id=313'><img loading=\"lazy\" decoding=\"async\" width=\"300\" height=\"169\" src=\"http:\/\/bumas-paradies.de\/wp-content\/uploads\/2018\/01\/IMG-20180107-WA0006-1-300x169.jpg\" class=\"attachment-medium size-medium\" alt=\"\" srcset=\"http:\/\/bumas-paradies.de\/wp-content\/uploads\/2018\/01\/IMG-20180107-WA0006-1-300x169.jpg 300w, http:\/\/bumas-paradies.de\/wp-content\/uploads\/2018\/01\/IMG-20180107-WA0006-1-768x432.jpg 768w, http:\/\/bumas-paradies.de\/wp-content\/uploads\/2018\/01\/IMG-20180107-WA0006-1-1024x576.jpg 1024w, http:\/\/bumas-paradies.de\/wp-content\/uploads\/2018\/01\/IMG-20180107-WA0006-1-1200x675.jpg 1200w, http:\/\/bumas-paradies.de\/wp-content\/uploads\/2018\/01\/IMG-20180107-WA0006-1.jpg 1280w\" sizes=\"(max-width: 300px) 85vw, 300px\" \/><\/a>\n\t\t\t<\/div><\/figure><figure class='gallery-item'>\n\t\t\t<div class='gallery-icon portrait'>\n\t\t\t\t<a href='http:\/\/bumas-paradies.de\/?attachment_id=315'><img loading=\"lazy\" decoding=\"async\" width=\"169\" height=\"300\" src=\"http:\/\/bumas-paradies.de\/wp-content\/uploads\/2018\/01\/IMG-20180107-WA0008-2-169x300.jpg\" class=\"attachment-medium size-medium\" alt=\"\" srcset=\"http:\/\/bumas-paradies.de\/wp-content\/uploads\/2018\/01\/IMG-20180107-WA0008-2-169x300.jpg 169w, http:\/\/bumas-paradies.de\/wp-content\/uploads\/2018\/01\/IMG-20180107-WA0008-2-576x1024.jpg 576w, http:\/\/bumas-paradies.de\/wp-content\/uploads\/2018\/01\/IMG-20180107-WA0008-2.jpg 720w\" sizes=\"(max-width: 169px) 85vw, 169px\" \/><\/a>\n\t\t\t<\/div><\/figure><figure class='gallery-item'>\n\t\t\t<div class='gallery-icon landscape'>\n\t\t\t\t<a href='http:\/\/bumas-paradies.de\/?attachment_id=314'><img loading=\"lazy\" decoding=\"async\" width=\"300\" height=\"169\" src=\"http:\/\/bumas-paradies.de\/wp-content\/uploads\/2018\/01\/IMG-20180107-WA0007-1-300x169.jpg\" class=\"attachment-medium size-medium\" alt=\"\" srcset=\"http:\/\/bumas-paradies.de\/wp-content\/uploads\/2018\/01\/IMG-20180107-WA0007-1-300x169.jpg 300w, http:\/\/bumas-paradies.de\/wp-content\/uploads\/2018\/01\/IMG-20180107-WA0007-1-768x432.jpg 768w, http:\/\/bumas-paradies.de\/wp-content\/uploads\/2018\/01\/IMG-20180107-WA0007-1-1024x576.jpg 1024w, http:\/\/bumas-paradies.de\/wp-content\/uploads\/2018\/01\/IMG-20180107-WA0007-1-1200x675.jpg 1200w, http:\/\/bumas-paradies.de\/wp-content\/uploads\/2018\/01\/IMG-20180107-WA0007-1.jpg 1280w\" sizes=\"(max-width: 300px) 85vw, 300px\" \/><\/a>\n\t\t\t<\/div><\/figure>\n\t\t<\/div>\n\n<p><em>Die Ferienwohnung hat einen separaten Eingang, verf\u00fcgt \u00fcber eine voll eingerichtete K\u00fcche, Wohnzimmer mit Schalfcouch und TV, Badezimmer mit Runddusche, Schlafzimmer f\u00fcr zwei Personen und\u00a0<\/em><em>WLAN<\/em><em>. Ein kleiner, eingez\u00e4unter Garten geh\u00f6rt auch zur Wohnung, um bei sch\u00f6nem Wetter auch mal richtig faul in der Sonne zu liegen, oder die Morgenluft bei einer Tasse Kaffee zu genie\u00dfen.\u00a0\u00a0<\/em><\/p>\n<p><strong>Wir vermieten die\u00a0 Ferienwohnung\u00a0 f\u00fcr 350 \u20ac die Woche inklusive Endreinigung.<br \/>\n<\/strong><strong>Bei Buchung unter 7 N\u00e4chten berechnen wir 50\u20ac pro \u00dcbernachtung, zuz\u00fcglich 50 \u20ac Endreinigung.<br \/>\n<\/strong><strong><em>Hunde sind herzlich willkommen und kostenfrei.<\/em><\/strong><\/p>\n<p><strong><em>Das Motto bei uns ist &#8222;ankommen und sich wohl f\u00fchlen&#8220;.<\/em><\/strong><\/p>\n<p><em>Direkt vor der Haust\u00fcre k\u00f6nnt Ihr bei uns die Natur genie\u00dfen; Erholung und Ruhe pur!<br \/>\nHerrliche Wander- und Ausflugsm\u00f6glichkeiten f\u00fcr Gro\u00df und Klein. (Aussichtsturm, Elefantenhof,&#8230;)<br \/>\nAuch Seen zum Baden oder die Quellen der Ruhner Berge laden ein.<br \/>\nEinkaufsm\u00f6glichkeiten und Gastst\u00e4tten sind in den umliegenden D\u00f6rfern vorhanden.<\/em><\/p>\n<p><em>\u00dcbrigens: auch kulturell haben wir einiges zu bieten.<\/em><\/p>\n<p><em>Sehenswerte St\u00e4dte mit viel Geschichte wie Hamburg,\u00a0<\/em><em>Wismar mit seiner sch\u00f6nen<\/em><em>\u00a0Ostseek\u00fcste\u00a0<\/em><em>oder Rostock sind in gut einer Stunde zu erreichen.<\/em><em>\u00a0Schwerin, Ludwigslust, M\u00fcritz oder die Kristall Therme in Bad Wilsnack erreicht man in gem\u00fctlichen 45 Minuten.<\/em><em>\u00a0Zum Berliner B\u00e4ren dauert es um die 90 Minuten.<\/em><\/p>\n","protected":false},"excerpt":{"rendered":"<p>\ufeff Die Ferienwohnung hat einen separaten Eingang, verf\u00fcgt \u00fcber eine voll eingerichtete K\u00fcche, Wohnzimmer mit Schalfcouch und TV, Badezimmer mit Runddusche, Schlafzimmer f\u00fcr zwei Personen und\u00a0WLAN. Ein kleiner, eingez\u00e4unter Garten geh\u00f6rt auch zur Wohnung, um bei sch\u00f6nem Wetter auch mal richtig faul in der Sonne zu liegen, oder die Morgenluft bei einer Tasse Kaffee zu &hellip; <a href=\"http:\/\/bumas-paradies.de\/?page_id=14\" class=\"more-link\"><span class=\"screen-reader-text\">\u201e4. Ferienwohnung und Umgebung\u201c<\/span> weiterlesen<\/a><\/p>\n","protected":false},"author":1,"featured_media":336,"parent":0,"menu_order":0,"comment_status":"closed","ping_status":"closed","template":"","meta":{"footnotes":""},"_links":{"self":[{"href":"http:\/\/bumas-paradies.de\/index.php?rest_route=\/wp\/v2\/pages\/14"}],"collection":[{"href":"http:\/\/bumas-paradies.de\/index.php?rest_route=\/wp\/v2\/pages"}],"about":[{"href":"http:\/\/bumas-paradies.de\/index.php?rest_route=\/wp\/v2\/types\/page"}],"author":[{"embeddable":true,"href":"http:\/\/bumas-paradies.de\/index.php?rest_route=\/wp\/v2\/users\/1"}],"replies":[{"embeddable":true,"href":"http:\/\/bumas-paradies.de\/index.php?rest_route=%2Fwp%2Fv2%2Fcomments&post=14"}],"version-history":[{"count":17,"href":"http:\/\/bumas-paradies.de\/index.php?rest_route=\/wp\/v2\/pages\/14\/revisions"}],"predecessor-version":[{"id":384,"href":"http:\/\/bumas-paradies.de\/index.php?rest_route=\/wp\/v2\/pages\/14\/revisions\/384"}],"wp:featuredmedia":[{"embeddable":true,"href":"http:\/\/bumas-paradies.de\/index.php?rest_route=\/wp\/v2\/media\/336"}],"wp:attachment":[{"href":"http:\/\/bumas-paradies.de\/index.php?rest_route=%2Fwp%2Fv2%2Fmedia&parent=14"}],"curies":[{"name":"wp","href":"https:\/\/api.w.org\/{rel}","templated":true}]}}